{"id":1732,"date":"2024-07-11T05:07:09","date_gmt":"2024-07-11T05:07:09","guid":{"rendered":"https:\/\/nuance1.wpenginepowered.com\/homeopathy\/"},"modified":"2025-09-05T14:42:53","modified_gmt":"2025-09-05T14:42:53","slug":"homeopathie","status":"publish","type":"page","link":"https:\/\/spanuance.com\/fr\/homeopathie\/","title":{"rendered":"Hom\u00e9opathie"},"content":{"rendered":"<p>[et_pb_section fb_built=\u00a0\u00bb1&Prime; custom_padding_last_edited=\u00a0\u00bbon|phone\u00a0\u00bb _builder_version=\u00a0\u00bb4.26.0&Prime; _module_preset=\u00a0\u00bbdefault\u00a0\u00bb background_color=\u00a0\u00bbgcid-02efdca1-505d-4d90-94da-79f091838f98&Prime; background_image=\u00a0\u00bbhttps:\/\/spanuance.com\/wp-content\/uploads\/2024\/07\/spa-arrangement-with-stones-candle.jpg\u00a0\u00bb background_position=\u00a0\u00bbtop_center\u00a0\u00bb background_vertical_offset=\u00a0\u00bb36%\u00a0\u00bb background_blend=\u00a0\u00bboverlay\u00a0\u00bb custom_padding=\u00a0\u00bb100px||100px||true|false\u00a0\u00bb custom_padding_tablet=\u00a0\u00bb100px||100px||true|false\u00a0\u00bb custom_padding_phone=\u00a0\u00bb100px||100px||true|false\u00a0\u00bb locked=\u00a0\u00bboff\u00a0\u00bb global_colors_info=\u00a0\u00bb{%22gcid-02efdca1-505d-4d90-94da-79f091838f98%22:%91%22background_color%22%93}\u00a0\u00bb][et_pb_row _builder_version=\u00a0\u00bb4.26.0&Prime; _module_preset=\u00a0\u00bbdefault\u00a0\u00bb global_colors_info=\u00a0\u00bb{}\u00a0\u00bb][et_pb_column type=\u00a0\u00bb4_4&Prime; _builder_version=\u00a0\u00bb4.26.0&Prime; _module_preset=\u00a0\u00bbdefault\u00a0\u00bb global_colors_info=\u00a0\u00bb{}\u00a0\u00bb][et_pb_text _builder_version=\u00a0\u00bb4.26.0&Prime; _module_preset=\u00a0\u00bbdefault\u00a0\u00bb text_font_size=\u00a0\u00bb22px\u00a0\u00bb text_orientation=\u00a0\u00bbright\u00a0\u00bb background_layout=\u00a0\u00bbdark\u00a0\u00bb custom_margin=\u00a0\u00bb||15px||false|false\u00a0\u00bb text_font_size_tablet=\u00a0\u00bb22px\u00a0\u00bb text_font_size_phone=\u00a0\u00bb20px\u00a0\u00bb text_font_size_last_edited=\u00a0\u00bbon|phone\u00a0\u00bb global_colors_info=\u00a0\u00bb{}\u00a0\u00bb]<\/p>\n<p>La fusion du corps et de l&rsquo;esprit<\/p>\n<p>[\/et_pb_text][et_pb_text _builder_version=\u00a0\u00bb4.26.0&Prime; _module_preset=\u00a0\u00bbdefault\u00a0\u00bb header_font_size=\u00a0\u00bb51px\u00a0\u00bb text_orientation=\u00a0\u00bbright\u00a0\u00bb background_layout=\u00a0\u00bbdark\u00a0\u00bb header_font_size_tablet=\u00a0\u00bb51px\u00a0\u00bb header_font_size_phone=\u00a0\u00bb30px\u00a0\u00bb header_font_size_last_edited=\u00a0\u00bbon|phone\u00a0\u00bb global_colors_info=\u00a0\u00bb{}\u00a0\u00bb]<\/p>\n<h1>HOM\u00c9OPATHIE<\/h1>\n<p>[\/et_pb_text][\/et_pb_column][\/et_pb_row][\/et_pb_section][et_pb_section fb_built=\u00a0\u00bb1&Prime; custom_padding_last_edited=\u00a0\u00bbon|phone\u00a0\u00bb _builder_version=\u00a0\u00bb4.26.0&Prime; _module_preset=\u00a0\u00bbdefault\u00a0\u00bb custom_padding=\u00a0\u00bb80px||80px||true|false\u00a0\u00bb custom_padding_tablet=\u00a0\u00bb\u00a0\u00bb custom_padding_phone=\u00a0\u00bb50px||50px||true|false\u00a0\u00bb global_colors_info=\u00a0\u00bb{}\u00a0\u00bb][et_pb_row column_structure=\u00a0\u00bb1_2,1_2&Prime; _builder_version=\u00a0\u00bb4.26.0&Prime; _module_preset=\u00a0\u00bbdefault\u00a0\u00bb custom_css_main_element=\u00a0\u00bbalign-items:center;\u00a0\u00bb global_colors_info=\u00a0\u00bb{}\u00a0\u00bb][et_pb_column type=\u00a0\u00bb1_2&Prime; _builder_version=\u00a0\u00bb4.26.0&Prime; _module_preset=\u00a0\u00bbdefault\u00a0\u00bb global_colors_info=\u00a0\u00bb{}\u00a0\u00bb][et_pb_image src=\u00a0\u00bbhttps:\/\/spanuance.com\/wp-content\/uploads\/2024\/07\/homeopathy-page-1.jpeg\u00a0\u00bb title_text=\u00a0\u00bbhomeopathy-page (1)\u00a0\u00bb align=\u00a0\u00bbcenter\u00a0\u00bb force_fullwidth=\u00a0\u00bbon\u00a0\u00bb _builder_version=\u00a0\u00bb4.26.0&Prime; _module_preset=\u00a0\u00bbdefault\u00a0\u00bb global_colors_info=\u00a0\u00bb{}\u00a0\u00bb][\/et_pb_image][\/et_pb_column][et_pb_column type=\u00a0\u00bb1_2&Prime; _builder_version=\u00a0\u00bb4.26.0&Prime; _module_preset=\u00a0\u00bbdefault\u00a0\u00bb global_colors_info=\u00a0\u00bb{}\u00a0\u00bb][et_pb_text _builder_version=\u00a0\u00bb4.26.0&Prime; _module_preset=\u00a0\u00bbdefault\u00a0\u00bb text_line_height=\u00a0\u00bb1.6em\u00a0\u00bb header_2_font=\u00a0\u00bb|700|||||||\u00a0\u00bb header_2_font_size=\u00a0\u00bb22px\u00a0\u00bb header_2_line_height=\u00a0\u00bb1.2em\u00a0\u00bb custom_margin=\u00a0\u00bb||10px||false|false\u00a0\u00bb global_colors_info=\u00a0\u00bb{}\u00a0\u00bb]<\/p>\n<h2>Quels sont les aspects physiques, mentaux et \u00e9motionnels de l&rsquo;hom\u00e9opathie?<\/h2>\n<p>[\/et_pb_text][et_pb_text _builder_version=\u00a0\u00bb4.26.0&Prime; _module_preset=\u00a0\u00bbdefault\u00a0\u00bb text_line_height=\u00a0\u00bb1.6em\u00a0\u00bb global_colors_info=\u00a0\u00bb{}\u00a0\u00bb]L&rsquo;hom\u00e9opathie est bas\u00e9e sur la philosophie selon laquelle le corps, l&rsquo;esprit et les \u00e9motions ne sont pas vraiment s\u00e9par\u00e9s et distincts, mais sont en fait pleinement int\u00e9gr\u00e9s. Sur la base de cette perspective, un hom\u00e9opathe cherche un rem\u00e8de qui s&rsquo;adapte \u00e0 tous les sympt\u00f4mes physiques et psychologiques d&rsquo;un patient. Bien que les sympt\u00f4mes de certaines personnes puissent \u00eatre complexes, un hom\u00e9opathe bien form\u00e9 saura quels sympt\u00f4mes doivent \u00eatre particuli\u00e8rement not\u00e9s et pourra choisir un rem\u00e8de efficace et individualis\u00e9.<\/p>\n<p>Un stress \u00e9motionnel prolong\u00e9 peut causer des probl\u00e8mes physiques, comme des maux d&rsquo;estomac, des difficult\u00e9s \u00e0 dig\u00e9rer les aliments, une mauvaise assimilation des nutriments, un syst\u00e8me immunitaire plus faible, des insomnies, etc. L&rsquo;inverse est \u00e9galement vrai. La maladie et les probl\u00e8mes physiques peuvent entra\u00eener de l&rsquo;anxi\u00e9t\u00e9 ou un malaise \u00e9motionnel. Par cons\u00e9quent, il est important pour un hom\u00e9opathe de mener un entretien approfondi avec un patient afin de garantir un traitement appropri\u00e9 et complet.[\/et_pb_text][et_pb_button button_url=\u00a0\u00bbhttps:\/\/booking.mangomint.com\/159378&Prime; button_text=\u00a0\u00bbR\u00c9SERVEZ AUJOURD&rsquo;HUI\u00a0\u00bb button_alignment=\u00a0\u00bbleft\u00a0\u00bb _builder_version=\u00a0\u00bb4.27.0&Prime; _module_preset=\u00a0\u00bbdefault\u00a0\u00bb custom_button=\u00a0\u00bbon\u00a0\u00bb button_text_size=\u00a0\u00bb16px\u00a0\u00bb button_text_color=\u00a0\u00bb#000000&Prime; button_bg_color=\u00a0\u00bbgcid-65c14e5a-ab41-4568-b33e-d16fe6163ceb\u00a0\u00bb button_border_width=\u00a0\u00bb1px\u00a0\u00bb button_border_color=\u00a0\u00bbgcid-65c14e5a-ab41-4568-b33e-d16fe6163ceb\u00a0\u00bb button_border_radius=\u00a0\u00bb50px\u00a0\u00bb button_letter_spacing=\u00a0\u00bb1px\u00a0\u00bb button_font=\u00a0\u00bbCormorant Garamond|600|||||||\u00a0\u00bb button_use_icon=\u00a0\u00bboff\u00a0\u00bb custom_padding=\u00a0\u00bb12px|35px|12px|35px|true|true\u00a0\u00bb hover_enabled=\u00a0\u00bb0&Prime; locked=\u00a0\u00bboff\u00a0\u00bb global_colors_info=\u00a0\u00bb{%22gcid-65c14e5a-ab41-4568-b33e-d16fe6163ceb%22:%91%22button_bg_color%22,%22button_border_color%22,%22button_bg_color%22,%22button_border_color%22%93,%22gcid-49c6d4b5-b2e7-410a-b3de-3f367e11e656%22:%91%22button_border_color__hover%22,%22button_border_color__hover%22%93}\u00a0\u00bb button_bg_color__hover_enabled=\u00a0\u00bbon|hover\u00a0\u00bb button_bg_color__hover=\u00a0\u00bbrgba(174,207,225,0.07)\u00a0\u00bb button_bg_enable_color__hover=\u00a0\u00bbon\u00a0\u00bb button_border_color__hover_enabled=\u00a0\u00bbon|hover\u00a0\u00bb button_border_color__hover=\u00a0\u00bbrgba(174,207,225,0.07)\u00a0\u00bb sticky_enabled=\u00a0\u00bb0&Prime;][\/et_pb_button][\/et_pb_column][\/et_pb_row][et_pb_row column_structure=\u00a0\u00bb2_3,1_3&Prime; make_equal=\u00a0\u00bbon\u00a0\u00bb _builder_version=\u00a0\u00bb4.26.0&Prime; _module_preset=\u00a0\u00bbdefault\u00a0\u00bb custom_css_main_element=\u00a0\u00bbalign-items:center;\u00a0\u00bb global_colors_info=\u00a0\u00bb{}\u00a0\u00bb][et_pb_column type=\u00a0\u00bb2_3&Prime; _builder_version=\u00a0\u00bb4.26.0&Prime; _module_preset=\u00a0\u00bbdefault\u00a0\u00bb global_colors_info=\u00a0\u00bb{}\u00a0\u00bb][et_pb_text _builder_version=\u00a0\u00bb4.26.0&Prime; _module_preset=\u00a0\u00bbdefault\u00a0\u00bb text_line_height=\u00a0\u00bb1.6em\u00a0\u00bb header_2_font=\u00a0\u00bb|700|||||||\u00a0\u00bb header_2_font_size=\u00a0\u00bb22px\u00a0\u00bb header_2_line_height=\u00a0\u00bb1.2em\u00a0\u00bb custom_margin=\u00a0\u00bb||15px||false|false\u00a0\u00bb global_colors_info=\u00a0\u00bb{}\u00a0\u00bb]<\/p>\n<h2>Objectifs de l&rsquo;approche hom\u00e9opathique<br \/>\n<\/h2>\n<p>[\/et_pb_text][et_pb_text _builder_version=\u00a0\u00bb4.26.0&Prime; _module_preset=\u00a0\u00bbdefault\u00a0\u00bb text_line_height=\u00a0\u00bb1.6em\u00a0\u00bb global_colors_info=\u00a0\u00bb{}\u00a0\u00bb]<strong>Le r\u00f4le de l&rsquo;hom\u00e9opathe en tant que \u00ab\u00a0d\u00e9tective\u00a0\u00bb<\/strong><br \/>\nIl a \u00e9t\u00e9 dit que le travail de l&rsquo;hom\u00e9opathe consiste \u00e0 observer le patient, \u00e0 traiter et \u00e0 r\u00e9fl\u00e9chir sur les informations recueillies, puis \u00e0 d\u00e9terminer la perturbation sous-jacente. Ce processus peut \u00eatre consid\u00e9r\u00e9 comme un myst\u00e8re, dans lequel le \u00ab\u00a0d\u00e9tective\u00a0\u00bb hom\u00e9opathique tente de d\u00e9couvrir o\u00f9 le flux d&rsquo;\u00e9nergie dans le corps a \u00e9t\u00e9 bloqu\u00e9 ou entrav\u00e9. Chaque signal\/sympt\u00f4me pr\u00e9sent\u00e9 par le patient peut \u00eatre consid\u00e9r\u00e9 comme un indice pour d\u00e9terminer le bon rem\u00e8de. Le contact visuel, la posture du corps, les sch\u00e9mas respiratoires, la qualit\u00e9 de la voix et les expressions du patient sont \u00e9galement not\u00e9s comme des indices potentiels. Ensuite, les donn\u00e9es doivent \u00eatre reconstruites, comme elles pourraient l&rsquo;\u00eatre dans un roman policier ou un film.<\/p>\n<p>Lorsque toutes les informations sur les sympt\u00f4mes physiques, mentaux et \u00e9motionnels du patient ont \u00e9t\u00e9 document\u00e9es, la recherche finale de la r\u00e9ponse commence. Contrairement \u00e0 un d\u00e9tective &#8211; ou \u00e0 un m\u00e9decin d&rsquo;ailleurs &#8211; le but de l&rsquo;hom\u00e9opathe n&rsquo;est pas seulement de supprimer les sympt\u00f4mes, mais aussi d&rsquo;\u00e9liminer le probl\u00e8me causal essentiel en stimulant les pouvoirs curatifs naturels du corps. C&rsquo;est la raison pour laquelle on obtient une analyse aussi d\u00e9taill\u00e9e du patient.[\/et_pb_text][et_pb_text _builder_version=\u00a0\u00bb4.26.0&Prime; _module_preset=\u00a0\u00bbdefault\u00a0\u00bb text_line_height=\u00a0\u00bb1.6em\u00a0\u00bb header_2_font=\u00a0\u00bb|700|||||||\u00a0\u00bb header_2_font_size=\u00a0\u00bb22px\u00a0\u00bb header_2_line_height=\u00a0\u00bb1.2em\u00a0\u00bb custom_margin=\u00a0\u00bb||15px||false|false\u00a0\u00bb global_colors_info=\u00a0\u00bb{}\u00a0\u00bb]<\/p>\n<h2>Le traitement hom\u00e9opathique<br \/>\n<\/h2>\n<p>[\/et_pb_text][et_pb_text _builder_version=\u00a0\u00bb4.26.0&Prime; _module_preset=\u00a0\u00bbdefault\u00a0\u00bb text_line_height=\u00a0\u00bb1.6em\u00a0\u00bb global_colors_info=\u00a0\u00bb{}\u00a0\u00bb]Le but du traitement hom\u00e9opathique est d&rsquo;encourager le corps \u00e0 retrouver un \u00e9tat naturel d&rsquo;\u00e9quilibre et de sant\u00e9. Comme les pi\u00e8ces manquantes d&rsquo;un puzzle, les m\u00e9dicaments hom\u00e9opathiques aident \u00e0 \u00ab combler \u00bb les lacunes du corps pour stimuler le potentiel de gu\u00e9rison et les \u00e9nergies d&rsquo;une personne. Lorsque cela se produit, la personne aura acc\u00e8s \u00e0 la force et \u00e0 la sagesse naturelles du corps, de sorte que davantage de m\u00e9dicaments conventionnels et de substances chimiques ne seront peut-\u00eatre pas n\u00e9cessaires.[\/et_pb_text][\/et_pb_column][et_pb_column type=\u00a0\u00bb1_3&Prime; _builder_version=\u00a0\u00bb4.26.0&Prime; _module_preset=\u00a0\u00bbdefault\u00a0\u00bb global_colors_info=\u00a0\u00bb{}\u00a0\u00bb][et_pb_image src=\u00a0\u00bbhttps:\/\/spanuance.com\/wp-content\/uploads\/2024\/07\/naturopathy-2.jpg\u00a0\u00bb title_text=\u00a0\u00bbnaturopathy-2&Prime; align=\u00a0\u00bbcenter\u00a0\u00bb force_fullwidth=\u00a0\u00bbon\u00a0\u00bb _builder_version=\u00a0\u00bb4.26.0&Prime; _module_preset=\u00a0\u00bbdefault\u00a0\u00bb global_colors_info=\u00a0\u00bb{}\u00a0\u00bb][\/et_pb_image][\/et_pb_column][\/et_pb_row][\/et_pb_section][et_pb_section fb_built=\u00a0\u00bb1&Prime; module_class=\u00a0\u00bbtestimonial\u00a0\u00bb _builder_version=\u00a0\u00bb4.26.0&Prime; _module_preset=\u00a0\u00bbdefault\u00a0\u00bb background_color=\u00a0\u00bbgcid-05b244bf-0f3c-4edd-bbc6-cafac86c43ac\u00a0\u00bb custom_padding=\u00a0\u00bb||||false|false\u00a0\u00bb global_colors_info=\u00a0\u00bb{%22gcid-05b244bf-0f3c-4edd-bbc6-cafac86c43ac%22:%91%22background_color%22%93}\u00a0\u00bb][et_pb_row _builder_version=\u00a0\u00bb4.26.0&Prime; _module_preset=\u00a0\u00bbdefault\u00a0\u00bb global_colors_info=\u00a0\u00bb{}\u00a0\u00bb][et_pb_column type=\u00a0\u00bb4_4&Prime; _builder_version=\u00a0\u00bb4.26.0&Prime; _module_preset=\u00a0\u00bbdefault\u00a0\u00bb global_colors_info=\u00a0\u00bb{}\u00a0\u00bb][et_pb_text _builder_version=\u00a0\u00bb4.26.0&Prime; _module_preset=\u00a0\u00bbdefault\u00a0\u00bb header_letter_spacing=\u00a0\u00bb2px\u00a0\u00bb header_line_height=\u00a0\u00bb1.2em\u00a0\u00bb header_2_font_size=\u00a0\u00bb38px\u00a0\u00bb header_2_letter_spacing=\u00a0\u00bb2px\u00a0\u00bb header_2_line_height=\u00a0\u00bb1.2em\u00a0\u00bb background_layout=\u00a0\u00bbdark\u00a0\u00bb max_width=\u00a0\u00bb320px\u00a0\u00bb header_2_font_size_tablet=\u00a0\u00bb38px\u00a0\u00bb header_2_font_size_phone=\u00a0\u00bb25px\u00a0\u00bb header_2_font_size_last_edited=\u00a0\u00bbon|phone\u00a0\u00bb custom_css_main_element=\u00a0\u00bb    transform: rotate(-90deg);||    position: absolute;||    left: -50px;||    top: 45%;\u00a0\u00bb global_colors_info=\u00a0\u00bb{}\u00a0\u00bb custom_css_main_element_last_edited=\u00a0\u00bbon|phone\u00a0\u00bb custom_css_main_element_phone=\u00a0\u00bb    transform: unset;||    position: relative;||    left: auto;||    top: auto;\u00a0\u00bb custom_css_main_element_tablet=\u00a0\u00bb    transform: rotate(-90deg);||    position: absolute;||    left: -50px;||    top: 45%;\u00a0\u00bb]<\/p>\n<h2>T\u00c9MOIGNAGES<\/h2>\n<p>[\/et_pb_text][et_pb_slider show_arrows=\u00a0\u00bboff\u00a0\u00bb _builder_version=\u00a0\u00bb4.26.0&Prime; _module_preset=\u00a0\u00bbdefault\u00a0\u00bb custom_button=\u00a0\u00bbon\u00a0\u00bb button_text_size=\u00a0\u00bb17px\u00a0\u00bb button_text_color=\u00a0\u00bb#fdfdfa\u00a0\u00bb button_border_width=\u00a0\u00bb0px\u00a0\u00bb button_border_radius=\u00a0\u00bb0px\u00a0\u00bb button_use_icon=\u00a0\u00bboff\u00a0\u00bb button_custom_padding=\u00a0\u00bb|||0px|false|false\u00a0\u00bb width=\u00a0\u00bb100%\u00a0\u00bb max_width=\u00a0\u00bb100%\u00a0\u00bb content_max_width=\u00a0\u00bb100%\u00a0\u00bb custom_padding=\u00a0\u00bb8%|0px|8%||true|false\u00a0\u00bb custom_padding_tablet=\u00a0\u00bb8%|0px|8%||true|false\u00a0\u00bb custom_padding_phone=\u00a0\u00bb5%|0px|5%|0px|true|false\u00a0\u00bb custom_padding_last_edited=\u00a0\u00bbon|phone\u00a0\u00bb global_colors_info=\u00a0\u00bb{}\u00a0\u00bb][et_pb_slide heading=\u00a0\u00bbTr\u00e8s bon service!\u00a0\u00bb button_text=\u00a0\u00bb- May Baydoun\u00a0\u00bb _builder_version=\u00a0\u00bb4.26.0&Prime; _module_preset=\u00a0\u00bbdefault\u00a0\u00bb header_text_color=\u00a0\u00bb#fdfdfa\u00a0\u00bb header_font_size=\u00a0\u00bb22px\u00a0\u00bb body_text_color=\u00a0\u00bb#fdfdfa\u00a0\u00bb background_color=\u00a0\u00bbRGBA(255,255,255,0)\u00a0\u00bb background_enable_color=\u00a0\u00bbon\u00a0\u00bb text_orientation=\u00a0\u00bbleft\u00a0\u00bb global_colors_info=\u00a0\u00bb{}\u00a0\u00bb sticky_transition=\u00a0\u00bbon\u00a0\u00bb]<\/p>\n<p>Tr\u00e8s bon service. Personnel formidable. J&rsquo;ai toujours l&rsquo;impression d&rsquo;\u00eatre un million de dollars quand je sors. Merci<\/p>\n<p>[\/et_pb_slide][et_pb_slide heading=\u00a0\u00bbJe ne pourrais pas \u00eatre plus reconnaissant !\u00a0\u00bb button_text=\u00a0\u00bb- Alexandra Charland\u00a0\u00bb _builder_version=\u00a0\u00bb4.26.0&Prime; _module_preset=\u00a0\u00bbdefault\u00a0\u00bb header_text_color=\u00a0\u00bb#fdfdfa\u00a0\u00bb header_font_size=\u00a0\u00bb22px\u00a0\u00bb body_text_color=\u00a0\u00bb#fdfdfa\u00a0\u00bb background_color=\u00a0\u00bbRGBA(255,255,255,0)\u00a0\u00bb background_enable_color=\u00a0\u00bbon\u00a0\u00bb text_orientation=\u00a0\u00bbleft\u00a0\u00bb global_colors_info=\u00a0\u00bb{}\u00a0\u00bb sticky_transition=\u00a0\u00bbon\u00a0\u00bb]Je suis all\u00e9 pour un traitement diff\u00e9rent o\u00f9 ils m&rsquo;ont recommand\u00e9 un peeling pour mon acn\u00e9 et malgr\u00e9 mon scepticisme au d\u00e9but, ces peelings ont fait des miracles. Je ne pourrais pas \u00eatre plus reconnaissant![\/et_pb_slide][et_pb_slide heading=\u00a0\u00bbPersonnel hautement qualifi\u00e9, j&rsquo;ai ador\u00e9 l&rsquo;exp\u00e9rience.\u00a0\u00bb button_text=\u00a0\u00bb- Esther Lorenzo\u00a0\u00bb _builder_version=\u00a0\u00bb4.26.0&Prime; _module_preset=\u00a0\u00bbdefault\u00a0\u00bb header_text_color=\u00a0\u00bb#fdfdfa\u00a0\u00bb header_font_size=\u00a0\u00bb22px\u00a0\u00bb body_text_color=\u00a0\u00bb#fdfdfa\u00a0\u00bb background_color=\u00a0\u00bbRGBA(255,255,255,0)\u00a0\u00bb background_enable_color=\u00a0\u00bbon\u00a0\u00bb text_orientation=\u00a0\u00bbleft\u00a0\u00bb global_colors_info=\u00a0\u00bb{}\u00a0\u00bb sticky_transition=\u00a0\u00bbon\u00a0\u00bb]J&rsquo;ai eu le plaisir de d\u00e9couvrir Nuance Medispa cet \u00e9t\u00e9 et j&rsquo;ai ador\u00e9 mon exp\u00e9rience. Personnel hautement qualifi\u00e9 et super sympa et tr\u00e8s arrangeant! J&rsquo;ai obtenu les r\u00e9sultats que je cherchais \u00e0 atteindre! Je les recommande vivement![\/et_pb_slide][et_pb_slide heading=\u00a0\u00bbService excellent!\u00a0\u00bb button_text=\u00a0\u00bb- Tina Azarbar\u00a0\u00bb _builder_version=\u00a0\u00bb4.26.0&Prime; _module_preset=\u00a0\u00bbdefault\u00a0\u00bb header_text_color=\u00a0\u00bb#fdfdfa\u00a0\u00bb header_font_size=\u00a0\u00bb22px\u00a0\u00bb body_text_color=\u00a0\u00bb#fdfdfa\u00a0\u00bb background_color=\u00a0\u00bbRGBA(255,255,255,0)\u00a0\u00bb background_enable_color=\u00a0\u00bbon\u00a0\u00bb text_orientation=\u00a0\u00bbleft\u00a0\u00bb global_colors_info=\u00a0\u00bb{}\u00a0\u00bb sticky_transition=\u00a0\u00bbon\u00a0\u00bb]Service excellent! Super engins! Haut de gamme![\/et_pb_slide][\/et_pb_slider][\/et_pb_column][\/et_pb_row][\/et_pb_section]<\/p>\n","protected":false},"excerpt":{"rendered":"<p>La fusion du corps et de l&rsquo;espritHOM\u00c9OPATHIEQuels sont les aspects physiques, mentaux et \u00e9motionnels de l&rsquo;hom\u00e9opathie?L&rsquo;hom\u00e9opathie est bas\u00e9e sur la philosophie selon laquelle le corps, l&rsquo;esprit et les \u00e9motions ne sont pas vraiment s\u00e9par\u00e9s et distincts, mais sont en fait pleinement int\u00e9gr\u00e9s. Sur la base de cette perspective, un hom\u00e9opathe cherche un rem\u00e8de qui s&rsquo;adapte [&hellip;]<\/p>\n","protected":false},"author":5,"featured_media":0,"parent":0,"menu_order":0,"comment_status":"closed","ping_status":"closed","template":"","meta":{"_et_pb_use_builder":"on","_et_pb_old_content":"","_et_gb_content_width":"","footnotes":""},"class_list":["post-1732","page","type-page","status-publish","hentry"],"yoast_head":"<!-- This site is optimized with the Yoast SEO plugin v27.0 - https:\/\/yoast.com\/product\/yoast-seo-wordpress\/ -->\n<title>Hom\u00e9opathie - Spa Nuance<\/title>\n<meta name=\"robots\" content=\"index, follow, max-snippet:-1, max-image-preview:large, max-video-preview:-1\" \/>\n<link rel=\"canonical\" href=\"https:\/\/spanuance.com\/fr\/homeopathie\/\" \/>\n<meta property=\"og:locale\" content=\"fr_FR\" \/>\n<meta property=\"og:type\" content=\"article\" \/>\n<meta property=\"og:title\" content=\"Hom\u00e9opathie - Spa Nuance\" \/>\n<meta property=\"og:description\" content=\"La fusion du corps et de l&#039;espritHOM\u00c9OPATHIEQuels sont les aspects physiques, mentaux et \u00e9motionnels de l&#039;hom\u00e9opathie?L&#039;hom\u00e9opathie est bas\u00e9e sur la philosophie selon laquelle le corps, l&#039;esprit et les \u00e9motions ne sont pas vraiment s\u00e9par\u00e9s et distincts, mais sont en fait pleinement int\u00e9gr\u00e9s. Sur la base de cette perspective, un hom\u00e9opathe cherche un rem\u00e8de qui s&#039;adapte [&hellip;]\" \/>\n<meta property=\"og:url\" content=\"https:\/\/spanuance.com\/fr\/homeopathie\/\" \/>\n<meta property=\"og:site_name\" content=\"Spa Nuance\" \/>\n<meta property=\"article:modified_time\" content=\"2025-09-05T14:42:53+00:00\" \/>\n<meta property=\"og:image\" content=\"https:\/\/spanuance.com\/wp-content\/uploads\/2024\/06\/37061563-6411-4855-8381-83e5f5de7e9d-1000.webp\" \/>\n\t<meta property=\"og:image:width\" content=\"1000\" \/>\n\t<meta property=\"og:image:height\" content=\"256\" \/>\n\t<meta property=\"og:image:type\" content=\"image\/webp\" \/>\n<meta name=\"twitter:card\" content=\"summary_large_image\" \/>\n<meta name=\"twitter:label1\" content=\"Dur\u00e9e de lecture estim\u00e9e\" \/>\n\t<meta name=\"twitter:data1\" content=\"9 minutes\" \/>\n<script type=\"application\/ld+json\" class=\"yoast-schema-graph\">{\"@context\":\"https:\/\/schema.org\",\"@graph\":[{\"@type\":\"WebPage\",\"@id\":\"https:\/\/spanuance.com\/fr\/homeopathie\/\",\"url\":\"https:\/\/spanuance.com\/fr\/homeopathie\/\",\"name\":\"Hom\u00e9opathie - Spa Nuance\",\"isPartOf\":{\"@id\":\"https:\/\/spanuance.com\/fr\/#website\"},\"datePublished\":\"2024-07-11T05:07:09+00:00\",\"dateModified\":\"2025-09-05T14:42:53+00:00\",\"breadcrumb\":{\"@id\":\"https:\/\/spanuance.com\/fr\/homeopathie\/#breadcrumb\"},\"inLanguage\":\"fr-FR\",\"potentialAction\":[{\"@type\":\"ReadAction\",\"target\":[\"https:\/\/spanuance.com\/fr\/homeopathie\/\"]}]},{\"@type\":\"BreadcrumbList\",\"@id\":\"https:\/\/spanuance.com\/fr\/homeopathie\/#breadcrumb\",\"itemListElement\":[{\"@type\":\"ListItem\",\"position\":1,\"name\":\"Home\",\"item\":\"https:\/\/spanuance.com\/\"},{\"@type\":\"ListItem\",\"position\":2,\"name\":\"Hom\u00e9opathie\"}]},{\"@type\":\"WebSite\",\"@id\":\"https:\/\/spanuance.com\/fr\/#website\",\"url\":\"https:\/\/spanuance.com\/fr\/\",\"name\":\"Spa Nuance\",\"description\":\"MediSpa Montreal West Island\",\"potentialAction\":[{\"@type\":\"SearchAction\",\"target\":{\"@type\":\"EntryPoint\",\"urlTemplate\":\"https:\/\/spanuance.com\/fr\/?s={search_term_string}\"},\"query-input\":{\"@type\":\"PropertyValueSpecification\",\"valueRequired\":true,\"valueName\":\"search_term_string\"}}],\"inLanguage\":\"fr-FR\"}]}<\/script>\n<!-- \/ Yoast SEO plugin. -->","yoast_head_json":{"title":"Hom\u00e9opathie - Spa Nuance","robots":{"index":"index","follow":"follow","max-snippet":"max-snippet:-1","max-image-preview":"max-image-preview:large","max-video-preview":"max-video-preview:-1"},"canonical":"https:\/\/spanuance.com\/fr\/homeopathie\/","og_locale":"fr_FR","og_type":"article","og_title":"Hom\u00e9opathie - Spa Nuance","og_description":"La fusion du corps et de l'espritHOM\u00c9OPATHIEQuels sont les aspects physiques, mentaux et \u00e9motionnels de l'hom\u00e9opathie?L'hom\u00e9opathie est bas\u00e9e sur la philosophie selon laquelle le corps, l'esprit et les \u00e9motions ne sont pas vraiment s\u00e9par\u00e9s et distincts, mais sont en fait pleinement int\u00e9gr\u00e9s. Sur la base de cette perspective, un hom\u00e9opathe cherche un rem\u00e8de qui s'adapte [&hellip;]","og_url":"https:\/\/spanuance.com\/fr\/homeopathie\/","og_site_name":"Spa Nuance","article_modified_time":"2025-09-05T14:42:53+00:00","og_image":[{"width":1000,"height":256,"url":"https:\/\/spanuance.com\/wp-content\/uploads\/2024\/06\/37061563-6411-4855-8381-83e5f5de7e9d-1000.webp","type":"image\/webp"}],"twitter_card":"summary_large_image","twitter_misc":{"Dur\u00e9e de lecture estim\u00e9e":"9 minutes"},"schema":{"@context":"https:\/\/schema.org","@graph":[{"@type":"WebPage","@id":"https:\/\/spanuance.com\/fr\/homeopathie\/","url":"https:\/\/spanuance.com\/fr\/homeopathie\/","name":"Hom\u00e9opathie - Spa Nuance","isPartOf":{"@id":"https:\/\/spanuance.com\/fr\/#website"},"datePublished":"2024-07-11T05:07:09+00:00","dateModified":"2025-09-05T14:42:53+00:00","breadcrumb":{"@id":"https:\/\/spanuance.com\/fr\/homeopathie\/#breadcrumb"},"inLanguage":"fr-FR","potentialAction":[{"@type":"ReadAction","target":["https:\/\/spanuance.com\/fr\/homeopathie\/"]}]},{"@type":"BreadcrumbList","@id":"https:\/\/spanuance.com\/fr\/homeopathie\/#breadcrumb","itemListElement":[{"@type":"ListItem","position":1,"name":"Home","item":"https:\/\/spanuance.com\/"},{"@type":"ListItem","position":2,"name":"Hom\u00e9opathie"}]},{"@type":"WebSite","@id":"https:\/\/spanuance.com\/fr\/#website","url":"https:\/\/spanuance.com\/fr\/","name":"Spa Nuance","description":"MediSpa Montreal West Island","potentialAction":[{"@type":"SearchAction","target":{"@type":"EntryPoint","urlTemplate":"https:\/\/spanuance.com\/fr\/?s={search_term_string}"},"query-input":{"@type":"PropertyValueSpecification","valueRequired":true,"valueName":"search_term_string"}}],"inLanguage":"fr-FR"}]}},"_links":{"self":[{"href":"https:\/\/spanuance.com\/fr\/wp-json\/wp\/v2\/pages\/1732","targetHints":{"allow":["GET"]}}],"collection":[{"href":"https:\/\/spanuance.com\/fr\/wp-json\/wp\/v2\/pages"}],"about":[{"href":"https:\/\/spanuance.com\/fr\/wp-json\/wp\/v2\/types\/page"}],"author":[{"embeddable":true,"href":"https:\/\/spanuance.com\/fr\/wp-json\/wp\/v2\/users\/5"}],"replies":[{"embeddable":true,"href":"https:\/\/spanuance.com\/fr\/wp-json\/wp\/v2\/comments?post=1732"}],"version-history":[{"count":0,"href":"https:\/\/spanuance.com\/fr\/wp-json\/wp\/v2\/pages\/1732\/revisions"}],"wp:attachment":[{"href":"https:\/\/spanuance.com\/fr\/wp-json\/wp\/v2\/media?parent=1732"}],"curies":[{"name":"wp","href":"https:\/\/api.w.org\/{rel}","templated":true}]}}