{"id":1740,"date":"2024-07-11T04:58:49","date_gmt":"2024-07-11T04:58:49","guid":{"rendered":"https:\/\/nuance1.wpenginepowered.com\/microdermabrasion\/"},"modified":"2025-09-03T15:27:40","modified_gmt":"2025-09-03T15:27:40","slug":"microdermabrasion","status":"publish","type":"page","link":"https:\/\/spanuance.com\/fr\/microdermabrasion\/","title":{"rendered":"Microdermabrasion"},"content":{"rendered":"<p>[et_pb_section fb_built=\u00a0\u00bb1&Prime; custom_padding_last_edited=\u00a0\u00bbon|phone\u00a0\u00bb _builder_version=\u00a0\u00bb4.26.0&Prime; _module_preset=\u00a0\u00bbdefault\u00a0\u00bb background_color=\u00a0\u00bbgcid-02efdca1-505d-4d90-94da-79f091838f98&Prime; background_image=\u00a0\u00bbhttps:\/\/spanuance.com\/wp-content\/uploads\/2024\/07\/closeup-portrait-beautiful-woman-during-cosmetology-therapy-beauty-salon-professional-dermatology-procedures-lifting-rejuvenation-modern-devices-healthcare-1.jpg\u00a0\u00bb background_position=\u00a0\u00bbtop_center\u00a0\u00bb background_vertical_offset=\u00a0\u00bb36%\u00a0\u00bb background_blend=\u00a0\u00bboverlay\u00a0\u00bb custom_padding=\u00a0\u00bb100px||100px||true|false\u00a0\u00bb custom_padding_tablet=\u00a0\u00bb100px||100px||true|false\u00a0\u00bb custom_padding_phone=\u00a0\u00bb100px||100px||true|false\u00a0\u00bb locked=\u00a0\u00bboff\u00a0\u00bb global_colors_info=\u00a0\u00bb{%22gcid-02efdca1-505d-4d90-94da-79f091838f98%22:%91%22background_color%22%93}\u00a0\u00bb][et_pb_row _builder_version=\u00a0\u00bb4.26.0&Prime; _module_preset=\u00a0\u00bbdefault\u00a0\u00bb global_colors_info=\u00a0\u00bb{}\u00a0\u00bb][et_pb_column type=\u00a0\u00bb4_4&Prime; _builder_version=\u00a0\u00bb4.26.0&Prime; _module_preset=\u00a0\u00bbdefault\u00a0\u00bb global_colors_info=\u00a0\u00bb{}\u00a0\u00bb][et_pb_text _builder_version=\u00a0\u00bb4.26.0&Prime; _module_preset=\u00a0\u00bbdefault\u00a0\u00bb text_font_size=\u00a0\u00bb22px\u00a0\u00bb text_orientation=\u00a0\u00bbright\u00a0\u00bb background_layout=\u00a0\u00bbdark\u00a0\u00bb custom_margin=\u00a0\u00bb||15px||false|false\u00a0\u00bb global_colors_info=\u00a0\u00bb{}\u00a0\u00bb]Le pouvoir de l&rsquo;exfoliation[\/et_pb_text][et_pb_text _builder_version=\u00a0\u00bb4.26.0&Prime; _module_preset=\u00a0\u00bbdefault\u00a0\u00bb header_font_size=\u00a0\u00bb51px\u00a0\u00bb text_orientation=\u00a0\u00bbright\u00a0\u00bb background_layout=\u00a0\u00bbdark\u00a0\u00bb header_font_size_tablet=\u00a0\u00bb51px\u00a0\u00bb header_font_size_phone=\u00a0\u00bb30px\u00a0\u00bb header_font_size_last_edited=\u00a0\u00bbon|phone\u00a0\u00bb global_colors_info=\u00a0\u00bb{}\u00a0\u00bb]<\/p>\n<h1>MICRODERMABRASION<\/h1>\n<p>[\/et_pb_text][\/et_pb_column][\/et_pb_row][\/et_pb_section][et_pb_section fb_built=\u00a0\u00bb1&Prime; custom_padding_last_edited=\u00a0\u00bbon|phone\u00a0\u00bb _builder_version=\u00a0\u00bb4.26.0&Prime; _module_preset=\u00a0\u00bbdefault\u00a0\u00bb custom_padding=\u00a0\u00bb80px||80px||true|false\u00a0\u00bb custom_padding_tablet=\u00a0\u00bb\u00a0\u00bb custom_padding_phone=\u00a0\u00bb50px||50px||true|false\u00a0\u00bb global_colors_info=\u00a0\u00bb{}\u00a0\u00bb][et_pb_row column_structure=\u00a0\u00bb1_2,1_2&Prime; make_equal=\u00a0\u00bbon\u00a0\u00bb _builder_version=\u00a0\u00bb4.26.0&Prime; _module_preset=\u00a0\u00bbdefault\u00a0\u00bb custom_css_main_element=\u00a0\u00bbalign-items:center;\u00a0\u00bb global_colors_info=\u00a0\u00bb{}\u00a0\u00bb][et_pb_column type=\u00a0\u00bb1_2&Prime; _builder_version=\u00a0\u00bb4.26.0&Prime; _module_preset=\u00a0\u00bbdefault\u00a0\u00bb global_colors_info=\u00a0\u00bb{}\u00a0\u00bb][et_pb_image src=\u00a0\u00bbhttps:\/\/spanuance.com\/wp-content\/uploads\/2024\/07\/tretaments-350&#215;350-1.jpeg\u00a0\u00bb title_text=\u00a0\u00bbtretaments-350&#215;350-1&Prime; align=\u00a0\u00bbcenter\u00a0\u00bb force_fullwidth=\u00a0\u00bbon\u00a0\u00bb _builder_version=\u00a0\u00bb4.26.0&Prime; _module_preset=\u00a0\u00bbdefault\u00a0\u00bb global_colors_info=\u00a0\u00bb{}\u00a0\u00bb][\/et_pb_image][\/et_pb_column][et_pb_column type=\u00a0\u00bb1_2&Prime; _builder_version=\u00a0\u00bb4.26.0&Prime; _module_preset=\u00a0\u00bbdefault\u00a0\u00bb global_colors_info=\u00a0\u00bb{}\u00a0\u00bb][et_pb_text _builder_version=\u00a0\u00bb4.26.0&Prime; _module_preset=\u00a0\u00bbdefault\u00a0\u00bb text_line_height=\u00a0\u00bb1.6em\u00a0\u00bb global_colors_info=\u00a0\u00bb{}\u00a0\u00bb]La microdermabrasion est une proc\u00e9dure qui utilise une baguette \u00e0 pointe de diamant pour exfolier manuellement la surface de la peau. Dans l&rsquo;ensemble, le traitement vise \u00e0 r\u00e9duire l&rsquo;apparence des rides, \u00e0 \u00e9liminer les cicatrices d&rsquo;acn\u00e9, \u00e0 r\u00e9duire les pores, y compris les points noirs, et \u00e0 minimiser les dommages caus\u00e9s par le soleil. La microdermabrasion est destin\u00e9e \u00e0 augmenter les niveaux de collag\u00e8ne afin de fournir un teint plus uniforme.<\/p>\n<p>Avant le traitement, votre peau sera nettoy\u00e9e et sera suivie d&rsquo;un masque hydratant et d&rsquo;une cr\u00e8me hydratante.[\/et_pb_text][et_pb_button button_url=\u00a0\u00bbhttps:\/\/booking.mangomint.com\/159378&Prime; button_text=\u00a0\u00bbR\u00c9SERVEZ AUJOURD&rsquo;HUI\u00a0\u00bb button_alignment=\u00a0\u00bbleft\u00a0\u00bb _builder_version=\u00a0\u00bb4.27.0&Prime; _module_preset=\u00a0\u00bbdefault\u00a0\u00bb custom_button=\u00a0\u00bbon\u00a0\u00bb button_text_size=\u00a0\u00bb16px\u00a0\u00bb button_text_color=\u00a0\u00bb#000000&Prime; button_bg_color=\u00a0\u00bbgcid-65c14e5a-ab41-4568-b33e-d16fe6163ceb\u00a0\u00bb button_border_width=\u00a0\u00bb1px\u00a0\u00bb button_border_color=\u00a0\u00bbgcid-65c14e5a-ab41-4568-b33e-d16fe6163ceb\u00a0\u00bb button_border_radius=\u00a0\u00bb50px\u00a0\u00bb button_letter_spacing=\u00a0\u00bb1px\u00a0\u00bb button_font=\u00a0\u00bbCormorant Garamond|600|||||||\u00a0\u00bb button_use_icon=\u00a0\u00bboff\u00a0\u00bb custom_padding=\u00a0\u00bb12px|35px|12px|35px|true|true\u00a0\u00bb hover_enabled=\u00a0\u00bb0&Prime; locked=\u00a0\u00bboff\u00a0\u00bb global_colors_info=\u00a0\u00bb{%22gcid-65c14e5a-ab41-4568-b33e-d16fe6163ceb%22:%91%22button_bg_color%22,%22button_border_color%22%93,%22gcid-49c6d4b5-b2e7-410a-b3de-3f367e11e656%22:%91%22button_border_color__hover%22%93}\u00a0\u00bb button_bg_color__hover_enabled=\u00a0\u00bbon|hover\u00a0\u00bb button_bg_color__hover=\u00a0\u00bbrgba(174,207,225,0.07)\u00a0\u00bb button_bg_enable_color__hover=\u00a0\u00bbon\u00a0\u00bb button_border_color__hover_enabled=\u00a0\u00bbon|hover\u00a0\u00bb button_border_color__hover=\u00a0\u00bbrgba(174,207,225,0.07)\u00a0\u00bb sticky_enabled=\u00a0\u00bb0&Prime;][\/et_pb_button][\/et_pb_column][\/et_pb_row][\/et_pb_section][et_pb_section fb_built=\u00a0\u00bb1&Prime; module_class=\u00a0\u00bbtestimonial\u00a0\u00bb _builder_version=\u00a0\u00bb4.26.0&Prime; _module_preset=\u00a0\u00bbdefault\u00a0\u00bb background_color=\u00a0\u00bbgcid-05b244bf-0f3c-4edd-bbc6-cafac86c43ac\u00a0\u00bb custom_padding=\u00a0\u00bb||||false|false\u00a0\u00bb global_colors_info=\u00a0\u00bb{%22gcid-05b244bf-0f3c-4edd-bbc6-cafac86c43ac%22:%91%22background_color%22%93}\u00a0\u00bb][et_pb_row _builder_version=\u00a0\u00bb4.26.0&Prime; _module_preset=\u00a0\u00bbdefault\u00a0\u00bb global_colors_info=\u00a0\u00bb{}\u00a0\u00bb][et_pb_column type=\u00a0\u00bb4_4&Prime; _builder_version=\u00a0\u00bb4.26.0&Prime; _module_preset=\u00a0\u00bbdefault\u00a0\u00bb global_colors_info=\u00a0\u00bb{}\u00a0\u00bb][et_pb_text _builder_version=\u00a0\u00bb4.26.0&Prime; _module_preset=\u00a0\u00bbdefault\u00a0\u00bb header_letter_spacing=\u00a0\u00bb2px\u00a0\u00bb header_line_height=\u00a0\u00bb1.2em\u00a0\u00bb header_2_font_size=\u00a0\u00bb38px\u00a0\u00bb header_2_letter_spacing=\u00a0\u00bb2px\u00a0\u00bb header_2_line_height=\u00a0\u00bb1.2em\u00a0\u00bb background_layout=\u00a0\u00bbdark\u00a0\u00bb max_width=\u00a0\u00bb320px\u00a0\u00bb header_2_font_size_tablet=\u00a0\u00bb38px\u00a0\u00bb header_2_font_size_phone=\u00a0\u00bb25px\u00a0\u00bb header_2_font_size_last_edited=\u00a0\u00bbon|phone\u00a0\u00bb custom_css_main_element=\u00a0\u00bb    transform: rotate(-90deg);||    position: absolute;||    left: -50px;||    top: 45%;\u00a0\u00bb global_colors_info=\u00a0\u00bb{}\u00a0\u00bb custom_css_main_element_last_edited=\u00a0\u00bbon|phone\u00a0\u00bb custom_css_main_element_phone=\u00a0\u00bb    transform: unset;||    position: relative;||    left: auto;||    top: auto;\u00a0\u00bb custom_css_main_element_tablet=\u00a0\u00bb    transform: rotate(-90deg);||    position: absolute;||    left: -50px;||    top: 45%;\u00a0\u00bb]<\/p>\n<h2>T\u00c9MOIGNAGES<\/h2>\n<p>[\/et_pb_text][et_pb_slider show_arrows=\u00a0\u00bboff\u00a0\u00bb _builder_version=\u00a0\u00bb4.26.0&Prime; _module_preset=\u00a0\u00bbdefault\u00a0\u00bb custom_button=\u00a0\u00bbon\u00a0\u00bb button_text_size=\u00a0\u00bb17px\u00a0\u00bb button_text_color=\u00a0\u00bb#fdfdfa\u00a0\u00bb button_border_width=\u00a0\u00bb0px\u00a0\u00bb button_border_radius=\u00a0\u00bb0px\u00a0\u00bb button_use_icon=\u00a0\u00bboff\u00a0\u00bb button_custom_padding=\u00a0\u00bb|||0px|false|false\u00a0\u00bb width=\u00a0\u00bb100%\u00a0\u00bb max_width=\u00a0\u00bb100%\u00a0\u00bb content_max_width=\u00a0\u00bb100%\u00a0\u00bb custom_padding=\u00a0\u00bb8%|0px|8%||true|false\u00a0\u00bb custom_padding_tablet=\u00a0\u00bb8%|0px|8%||true|false\u00a0\u00bb custom_padding_phone=\u00a0\u00bb5%|0px|5%|0px|true|false\u00a0\u00bb custom_padding_last_edited=\u00a0\u00bbon|phone\u00a0\u00bb global_colors_info=\u00a0\u00bb{}\u00a0\u00bb][et_pb_slide heading=\u00a0\u00bbTr\u00e8s bon service!\u00a0\u00bb button_text=\u00a0\u00bb- May Baydoun\u00a0\u00bb _builder_version=\u00a0\u00bb4.26.0&Prime; _module_preset=\u00a0\u00bbdefault\u00a0\u00bb header_text_color=\u00a0\u00bb#fdfdfa\u00a0\u00bb header_font_size=\u00a0\u00bb22px\u00a0\u00bb body_text_color=\u00a0\u00bb#fdfdfa\u00a0\u00bb background_color=\u00a0\u00bbRGBA(255,255,255,0)\u00a0\u00bb background_enable_color=\u00a0\u00bbon\u00a0\u00bb text_orientation=\u00a0\u00bbleft\u00a0\u00bb global_colors_info=\u00a0\u00bb{}\u00a0\u00bb sticky_transition=\u00a0\u00bbon\u00a0\u00bb]<\/p>\n<p>Tr\u00e8s bon service. Personnel formidable. J&rsquo;ai toujours l&rsquo;impression d&rsquo;\u00eatre un million de dollars quand je sors. Merci<\/p>\n<p>[\/et_pb_slide][et_pb_slide heading=\u00a0\u00bbJe ne pourrais pas \u00eatre plus reconnaissant !\u00a0\u00bb button_text=\u00a0\u00bb- Alexandra Charland\u00a0\u00bb _builder_version=\u00a0\u00bb4.26.0&Prime; _module_preset=\u00a0\u00bbdefault\u00a0\u00bb header_text_color=\u00a0\u00bb#fdfdfa\u00a0\u00bb header_font_size=\u00a0\u00bb22px\u00a0\u00bb body_text_color=\u00a0\u00bb#fdfdfa\u00a0\u00bb background_color=\u00a0\u00bbRGBA(255,255,255,0)\u00a0\u00bb background_enable_color=\u00a0\u00bbon\u00a0\u00bb text_orientation=\u00a0\u00bbleft\u00a0\u00bb global_colors_info=\u00a0\u00bb{}\u00a0\u00bb sticky_transition=\u00a0\u00bbon\u00a0\u00bb]Je suis all\u00e9 pour un traitement diff\u00e9rent o\u00f9 ils m&rsquo;ont recommand\u00e9 un peeling pour mon acn\u00e9 et malgr\u00e9 mon scepticisme au d\u00e9but, ces peelings ont fait des miracles. Je ne pourrais pas \u00eatre plus reconnaissant ![\/et_pb_slide][et_pb_slide heading=\u00a0\u00bbPersonnel hautement qualifi\u00e9, j&rsquo;ai ador\u00e9 l&rsquo;exp\u00e9rience.\u00a0\u00bb button_text=\u00a0\u00bb- Esther Lorenzo\u00a0\u00bb _builder_version=\u00a0\u00bb4.26.0&Prime; _module_preset=\u00a0\u00bbdefault\u00a0\u00bb header_text_color=\u00a0\u00bb#fdfdfa\u00a0\u00bb header_font_size=\u00a0\u00bb22px\u00a0\u00bb body_text_color=\u00a0\u00bb#fdfdfa\u00a0\u00bb background_color=\u00a0\u00bbRGBA(255,255,255,0)\u00a0\u00bb background_enable_color=\u00a0\u00bbon\u00a0\u00bb text_orientation=\u00a0\u00bbleft\u00a0\u00bb global_colors_info=\u00a0\u00bb{}\u00a0\u00bb sticky_transition=\u00a0\u00bbon\u00a0\u00bb]J&rsquo;ai eu le plaisir de d\u00e9couvrir Nuance Medispa cet \u00e9t\u00e9 et j&rsquo;ai ador\u00e9 mon exp\u00e9rience. Personnel hautement qualifi\u00e9 et super sympa et tr\u00e8s arrangeant ! J&rsquo;ai obtenu les r\u00e9sultats que je cherchais \u00e0 atteindre ! Je les recommande vivement ![\/et_pb_slide][et_pb_slide heading=\u00a0\u00bbService excellent!\u00a0\u00bb button_text=\u00a0\u00bb- Tina Azarbar\u00a0\u00bb _builder_version=\u00a0\u00bb4.26.0&Prime; _module_preset=\u00a0\u00bbdefault\u00a0\u00bb header_text_color=\u00a0\u00bb#fdfdfa\u00a0\u00bb header_font_size=\u00a0\u00bb22px\u00a0\u00bb body_text_color=\u00a0\u00bb#fdfdfa\u00a0\u00bb background_color=\u00a0\u00bbRGBA(255,255,255,0)\u00a0\u00bb background_enable_color=\u00a0\u00bbon\u00a0\u00bb text_orientation=\u00a0\u00bbleft\u00a0\u00bb global_colors_info=\u00a0\u00bb{}\u00a0\u00bb sticky_transition=\u00a0\u00bbon\u00a0\u00bb]Service excellent! Super engins! Haut de gamme![\/et_pb_slide][\/et_pb_slider][\/et_pb_column][\/et_pb_row][\/et_pb_section]<\/p>\n","protected":false},"excerpt":{"rendered":"<p>Le pouvoir de l&rsquo;exfoliationMICRODERMABRASIONLa microdermabrasion est une proc\u00e9dure qui utilise une baguette \u00e0 pointe de diamant pour exfolier manuellement la surface de la peau. Dans l&rsquo;ensemble, le traitement vise \u00e0 r\u00e9duire l&rsquo;apparence des rides, \u00e0 \u00e9liminer les cicatrices d&rsquo;acn\u00e9, \u00e0 r\u00e9duire les pores, y compris les points noirs, et \u00e0 minimiser les dommages caus\u00e9s par [&hellip;]<\/p>\n","protected":false},"author":5,"featured_media":0,"parent":0,"menu_order":0,"comment_status":"closed","ping_status":"closed","template":"","meta":{"_et_pb_use_builder":"on","_et_pb_old_content":"","_et_gb_content_width":"","footnotes":""},"class_list":["post-1740","page","type-page","status-publish","hentry"],"yoast_head":"<!-- This site is optimized with the Yoast SEO plugin v27.0 - https:\/\/yoast.com\/product\/yoast-seo-wordpress\/ -->\n<title>Microdermabrasion - Spa Nuance<\/title>\n<meta name=\"robots\" content=\"index, follow, max-snippet:-1, max-image-preview:large, max-video-preview:-1\" \/>\n<link rel=\"canonical\" href=\"https:\/\/spanuance.com\/fr\/microdermabrasion\/\" \/>\n<meta property=\"og:locale\" content=\"fr_FR\" \/>\n<meta property=\"og:type\" content=\"article\" \/>\n<meta property=\"og:title\" content=\"Microdermabrasion - Spa Nuance\" \/>\n<meta property=\"og:description\" content=\"Le pouvoir de l&#039;exfoliationMICRODERMABRASIONLa microdermabrasion est une proc\u00e9dure qui utilise une baguette \u00e0 pointe de diamant pour exfolier manuellement la surface de la peau. Dans l&#039;ensemble, le traitement vise \u00e0 r\u00e9duire l&#039;apparence des rides, \u00e0 \u00e9liminer les cicatrices d&#039;acn\u00e9, \u00e0 r\u00e9duire les pores, y compris les points noirs, et \u00e0 minimiser les dommages caus\u00e9s par [&hellip;]\" \/>\n<meta property=\"og:url\" content=\"https:\/\/spanuance.com\/fr\/microdermabrasion\/\" \/>\n<meta property=\"og:site_name\" content=\"Spa Nuance\" \/>\n<meta property=\"article:modified_time\" content=\"2025-09-03T15:27:40+00:00\" \/>\n<meta property=\"og:image\" content=\"https:\/\/spanuance.com\/wp-content\/uploads\/2024\/06\/37061563-6411-4855-8381-83e5f5de7e9d-1000.webp\" \/>\n\t<meta property=\"og:image:width\" content=\"1000\" \/>\n\t<meta property=\"og:image:height\" content=\"256\" \/>\n\t<meta property=\"og:image:type\" content=\"image\/webp\" \/>\n<meta name=\"twitter:card\" content=\"summary_large_image\" \/>\n<meta name=\"twitter:label1\" content=\"Dur\u00e9e de lecture estim\u00e9e\" \/>\n\t<meta name=\"twitter:data1\" content=\"6 minutes\" \/>\n<script type=\"application\/ld+json\" class=\"yoast-schema-graph\">{\"@context\":\"https:\/\/schema.org\",\"@graph\":[{\"@type\":\"WebPage\",\"@id\":\"https:\/\/spanuance.com\/fr\/microdermabrasion\/\",\"url\":\"https:\/\/spanuance.com\/fr\/microdermabrasion\/\",\"name\":\"Microdermabrasion - Spa Nuance\",\"isPartOf\":{\"@id\":\"https:\/\/spanuance.com\/fr\/#website\"},\"datePublished\":\"2024-07-11T04:58:49+00:00\",\"dateModified\":\"2025-09-03T15:27:40+00:00\",\"breadcrumb\":{\"@id\":\"https:\/\/spanuance.com\/fr\/microdermabrasion\/#breadcrumb\"},\"inLanguage\":\"fr-FR\",\"potentialAction\":[{\"@type\":\"ReadAction\",\"target\":[\"https:\/\/spanuance.com\/fr\/microdermabrasion\/\"]}]},{\"@type\":\"BreadcrumbList\",\"@id\":\"https:\/\/spanuance.com\/fr\/microdermabrasion\/#breadcrumb\",\"itemListElement\":[{\"@type\":\"ListItem\",\"position\":1,\"name\":\"Home\",\"item\":\"https:\/\/spanuance.com\/\"},{\"@type\":\"ListItem\",\"position\":2,\"name\":\"Microdermabrasion\"}]},{\"@type\":\"WebSite\",\"@id\":\"https:\/\/spanuance.com\/fr\/#website\",\"url\":\"https:\/\/spanuance.com\/fr\/\",\"name\":\"Spa Nuance\",\"description\":\"MediSpa Montreal West Island\",\"potentialAction\":[{\"@type\":\"SearchAction\",\"target\":{\"@type\":\"EntryPoint\",\"urlTemplate\":\"https:\/\/spanuance.com\/fr\/?s={search_term_string}\"},\"query-input\":{\"@type\":\"PropertyValueSpecification\",\"valueRequired\":true,\"valueName\":\"search_term_string\"}}],\"inLanguage\":\"fr-FR\"}]}<\/script>\n<!-- \/ Yoast SEO plugin. -->","yoast_head_json":{"title":"Microdermabrasion - Spa Nuance","robots":{"index":"index","follow":"follow","max-snippet":"max-snippet:-1","max-image-preview":"max-image-preview:large","max-video-preview":"max-video-preview:-1"},"canonical":"https:\/\/spanuance.com\/fr\/microdermabrasion\/","og_locale":"fr_FR","og_type":"article","og_title":"Microdermabrasion - Spa Nuance","og_description":"Le pouvoir de l'exfoliationMICRODERMABRASIONLa microdermabrasion est une proc\u00e9dure qui utilise une baguette \u00e0 pointe de diamant pour exfolier manuellement la surface de la peau. Dans l'ensemble, le traitement vise \u00e0 r\u00e9duire l'apparence des rides, \u00e0 \u00e9liminer les cicatrices d'acn\u00e9, \u00e0 r\u00e9duire les pores, y compris les points noirs, et \u00e0 minimiser les dommages caus\u00e9s par [&hellip;]","og_url":"https:\/\/spanuance.com\/fr\/microdermabrasion\/","og_site_name":"Spa Nuance","article_modified_time":"2025-09-03T15:27:40+00:00","og_image":[{"width":1000,"height":256,"url":"https:\/\/spanuance.com\/wp-content\/uploads\/2024\/06\/37061563-6411-4855-8381-83e5f5de7e9d-1000.webp","type":"image\/webp"}],"twitter_card":"summary_large_image","twitter_misc":{"Dur\u00e9e de lecture estim\u00e9e":"6 minutes"},"schema":{"@context":"https:\/\/schema.org","@graph":[{"@type":"WebPage","@id":"https:\/\/spanuance.com\/fr\/microdermabrasion\/","url":"https:\/\/spanuance.com\/fr\/microdermabrasion\/","name":"Microdermabrasion - Spa Nuance","isPartOf":{"@id":"https:\/\/spanuance.com\/fr\/#website"},"datePublished":"2024-07-11T04:58:49+00:00","dateModified":"2025-09-03T15:27:40+00:00","breadcrumb":{"@id":"https:\/\/spanuance.com\/fr\/microdermabrasion\/#breadcrumb"},"inLanguage":"fr-FR","potentialAction":[{"@type":"ReadAction","target":["https:\/\/spanuance.com\/fr\/microdermabrasion\/"]}]},{"@type":"BreadcrumbList","@id":"https:\/\/spanuance.com\/fr\/microdermabrasion\/#breadcrumb","itemListElement":[{"@type":"ListItem","position":1,"name":"Home","item":"https:\/\/spanuance.com\/"},{"@type":"ListItem","position":2,"name":"Microdermabrasion"}]},{"@type":"WebSite","@id":"https:\/\/spanuance.com\/fr\/#website","url":"https:\/\/spanuance.com\/fr\/","name":"Spa Nuance","description":"MediSpa Montreal West Island","potentialAction":[{"@type":"SearchAction","target":{"@type":"EntryPoint","urlTemplate":"https:\/\/spanuance.com\/fr\/?s={search_term_string}"},"query-input":{"@type":"PropertyValueSpecification","valueRequired":true,"valueName":"search_term_string"}}],"inLanguage":"fr-FR"}]}},"_links":{"self":[{"href":"https:\/\/spanuance.com\/fr\/wp-json\/wp\/v2\/pages\/1740","targetHints":{"allow":["GET"]}}],"collection":[{"href":"https:\/\/spanuance.com\/fr\/wp-json\/wp\/v2\/pages"}],"about":[{"href":"https:\/\/spanuance.com\/fr\/wp-json\/wp\/v2\/types\/page"}],"author":[{"embeddable":true,"href":"https:\/\/spanuance.com\/fr\/wp-json\/wp\/v2\/users\/5"}],"replies":[{"embeddable":true,"href":"https:\/\/spanuance.com\/fr\/wp-json\/wp\/v2\/comments?post=1740"}],"version-history":[{"count":0,"href":"https:\/\/spanuance.com\/fr\/wp-json\/wp\/v2\/pages\/1740\/revisions"}],"wp:attachment":[{"href":"https:\/\/spanuance.com\/fr\/wp-json\/wp\/v2\/media?parent=1740"}],"curies":[{"name":"wp","href":"https:\/\/api.w.org\/{rel}","templated":true}]}}