{"id":1743,"date":"2024-07-11T05:07:04","date_gmt":"2024-07-11T05:07:04","guid":{"rendered":"https:\/\/nuance1.wpenginepowered.com\/naturopathy\/"},"modified":"2025-09-05T14:49:45","modified_gmt":"2025-09-05T14:49:45","slug":"naturopathie","status":"publish","type":"page","link":"https:\/\/spanuance.com\/fr\/naturopathie\/","title":{"rendered":"Naturopathie"},"content":{"rendered":"<p>[et_pb_section fb_built=\u00a0\u00bb1&Prime; custom_padding_last_edited=\u00a0\u00bbon|phone\u00a0\u00bb _builder_version=\u00a0\u00bb4.26.0&Prime; _module_preset=\u00a0\u00bbdefault\u00a0\u00bb background_color=\u00a0\u00bbgcid-02efdca1-505d-4d90-94da-79f091838f98&Prime; background_image=\u00a0\u00bbhttps:\/\/spanuance.com\/wp-content\/uploads\/2024\/07\/top-view-gua-sha-sleep-mask-arrangement-1.jpg\u00a0\u00bb background_position=\u00a0\u00bbtop_center\u00a0\u00bb background_vertical_offset=\u00a0\u00bb36%\u00a0\u00bb background_blend=\u00a0\u00bboverlay\u00a0\u00bb custom_padding=\u00a0\u00bb100px||100px||true|false\u00a0\u00bb custom_padding_tablet=\u00a0\u00bb100px||100px||true|false\u00a0\u00bb custom_padding_phone=\u00a0\u00bb100px||100px||true|false\u00a0\u00bb locked=\u00a0\u00bboff\u00a0\u00bb global_colors_info=\u00a0\u00bb{%22gcid-02efdca1-505d-4d90-94da-79f091838f98%22:%91%22background_color%22%93}\u00a0\u00bb][et_pb_row _builder_version=\u00a0\u00bb4.26.0&Prime; _module_preset=\u00a0\u00bbdefault\u00a0\u00bb global_colors_info=\u00a0\u00bb{}\u00a0\u00bb][et_pb_column type=\u00a0\u00bb4_4&Prime; _builder_version=\u00a0\u00bb4.26.0&Prime; _module_preset=\u00a0\u00bbdefault\u00a0\u00bb global_colors_info=\u00a0\u00bb{}\u00a0\u00bb][et_pb_text _builder_version=\u00a0\u00bb4.26.0&Prime; _module_preset=\u00a0\u00bbdefault\u00a0\u00bb text_font_size=\u00a0\u00bb22px\u00a0\u00bb text_orientation=\u00a0\u00bbright\u00a0\u00bb background_layout=\u00a0\u00bbdark\u00a0\u00bb custom_margin=\u00a0\u00bb||15px||false|false\u00a0\u00bb text_font_size_tablet=\u00a0\u00bb22px\u00a0\u00bb text_font_size_phone=\u00a0\u00bb20px\u00a0\u00bb text_font_size_last_edited=\u00a0\u00bbon|phone\u00a0\u00bb global_colors_info=\u00a0\u00bb{}\u00a0\u00bb]<\/p>\n<p>Traitements de th\u00e9rapie naturelle<\/p>\n<p>[\/et_pb_text][et_pb_text _builder_version=\u00a0\u00bb4.26.0&Prime; _module_preset=\u00a0\u00bbdefault\u00a0\u00bb header_font_size=\u00a0\u00bb51px\u00a0\u00bb text_orientation=\u00a0\u00bbright\u00a0\u00bb background_layout=\u00a0\u00bbdark\u00a0\u00bb header_font_size_tablet=\u00a0\u00bb51px\u00a0\u00bb header_font_size_phone=\u00a0\u00bb30px\u00a0\u00bb header_font_size_last_edited=\u00a0\u00bbon|phone\u00a0\u00bb global_colors_info=\u00a0\u00bb{}\u00a0\u00bb]<\/p>\n<h1>NATUROPATHIE<\/h1>\n<p>[\/et_pb_text][\/et_pb_column][\/et_pb_row][\/et_pb_section][et_pb_section fb_built=\u00a0\u00bb1&Prime; custom_padding_last_edited=\u00a0\u00bbon|phone\u00a0\u00bb _builder_version=\u00a0\u00bb4.26.0&Prime; _module_preset=\u00a0\u00bbdefault\u00a0\u00bb custom_padding=\u00a0\u00bb80px||80px||true|false\u00a0\u00bb custom_padding_tablet=\u00a0\u00bb\u00a0\u00bb custom_padding_phone=\u00a0\u00bb50px||50px||true|false\u00a0\u00bb global_colors_info=\u00a0\u00bb{}\u00a0\u00bb][et_pb_row column_structure=\u00a0\u00bb1_2,1_2&Prime; _builder_version=\u00a0\u00bb4.26.0&Prime; _module_preset=\u00a0\u00bbdefault\u00a0\u00bb custom_css_main_element=\u00a0\u00bbalign-items:center;\u00a0\u00bb global_colors_info=\u00a0\u00bb{}\u00a0\u00bb][et_pb_column type=\u00a0\u00bb1_2&Prime; _builder_version=\u00a0\u00bb4.26.0&Prime; _module_preset=\u00a0\u00bbdefault\u00a0\u00bb global_colors_info=\u00a0\u00bb{}\u00a0\u00bb][et_pb_image src=\u00a0\u00bbhttps:\/\/spanuance.com\/wp-content\/uploads\/2024\/07\/naturopathy-2-1.jpeg\u00a0\u00bb title_text=\u00a0\u00bbnaturopathy-2 (1)\u00a0\u00bb align=\u00a0\u00bbcenter\u00a0\u00bb force_fullwidth=\u00a0\u00bbon\u00a0\u00bb _builder_version=\u00a0\u00bb4.26.0&Prime; _module_preset=\u00a0\u00bbdefault\u00a0\u00bb global_colors_info=\u00a0\u00bb{}\u00a0\u00bb][\/et_pb_image][\/et_pb_column][et_pb_column type=\u00a0\u00bb1_2&Prime; _builder_version=\u00a0\u00bb4.26.0&Prime; _module_preset=\u00a0\u00bbdefault\u00a0\u00bb global_colors_info=\u00a0\u00bb{}\u00a0\u00bb][et_pb_text _builder_version=\u00a0\u00bb4.26.0&Prime; _module_preset=\u00a0\u00bbdefault\u00a0\u00bb text_line_height=\u00a0\u00bb1.6em\u00a0\u00bb global_colors_info=\u00a0\u00bb{}\u00a0\u00bb]Un naturopathe est un praticien de la sant\u00e9 qui applique des th\u00e9rapies naturelles. Son spectre comprend bien plus que le je\u00fbne, la nutrition, l&rsquo;eau et l&rsquo;exercice ; il comprend des pratiques de gu\u00e9rison naturelles approuv\u00e9es telles que l&rsquo;hom\u00e9opathie, l&rsquo;acupuncture et la phytoth\u00e9rapie. \u00c0 une \u00e9poque o\u00f9 la technologie moderne, la pollution de l&rsquo;environnement, une mauvaise alimentation et le stress jouent un r\u00f4le important dans la d\u00e9gradation de la sant\u00e9, la capacit\u00e9 d&rsquo;un naturopathe \u00e0 appliquer des m\u00e9thodes naturelles de gu\u00e9rison est d&rsquo;une importance consid\u00e9rable.<\/p>\n<p>Souvent, un naturopathe est le dernier recours dans la longue recherche de sant\u00e9 d&rsquo;un patient. Offrant des soins personnalis\u00e9s \u00e0 chaque patient, le naturopathe consid\u00e8re l&rsquo;humanit\u00e9 comme une unit\u00e9 holistique du corps, de l&rsquo;esprit et de l&rsquo;esprit.<\/p>\n<p>En utilisant une gamme de m\u00e9thodes alternatives de diagnostic, un naturopathe peut souvent identifier avec succ\u00e8s une pr\u00e9disposition dans le corps, avant l&rsquo;apparition d&rsquo;une maladie aigu\u00eb, et traiter le patient avec des th\u00e9rapies sp\u00e9cifiques et des changements dans le mode de vie du patient.[\/et_pb_text][et_pb_text _builder_version=\u00a0\u00bb4.26.0&Prime; _module_preset=\u00a0\u00bbdefault\u00a0\u00bb text_line_height=\u00a0\u00bb1.6em\u00a0\u00bb global_colors_info=\u00a0\u00bb{}\u00a0\u00bb]Un naturopathe exerce g\u00e9n\u00e9ralement dans un environnement ind\u00e9pendant, avec la possibilit\u00e9 de travailler dans les h\u00f4pitaux, les spas, la recherche, les soins de sant\u00e9, l&rsquo;administration, la gestion dans le commerce de d\u00e9tail ou dans les m\u00e9dias. On peut trouver un Naturopathe dans une consultation nutritionnelle et familiale, ainsi que dans une Clinique de Beaut\u00e9. Une sp\u00e9cialisation en infertilit\u00e9, probl\u00e8mes de peau, sports, enfants ou g\u00e9riatrie est possible. L&rsquo;acceptation croissante de la naturopathie dans le monde entier et une circulation et une communication accrues au sein de l&rsquo;Union europ\u00e9enne offrent une multitude d&rsquo;opportunit\u00e9s pour le d\u00e9veloppement professionnel et personnel futur.[\/et_pb_text][et_pb_button button_url=\u00a0\u00bbhttps:\/\/booking.mangomint.com\/159378&Prime; button_text=\u00a0\u00bbR\u00c9SERVEZ AUJOURD&rsquo;HUI\u00a0\u00bb button_alignment=\u00a0\u00bbleft\u00a0\u00bb _builder_version=\u00a0\u00bb4.27.0&Prime; _module_preset=\u00a0\u00bbdefault\u00a0\u00bb custom_button=\u00a0\u00bbon\u00a0\u00bb button_text_size=\u00a0\u00bb16px\u00a0\u00bb button_text_color=\u00a0\u00bb#000000&Prime; button_bg_color=\u00a0\u00bbgcid-65c14e5a-ab41-4568-b33e-d16fe6163ceb\u00a0\u00bb button_border_width=\u00a0\u00bb1px\u00a0\u00bb button_border_color=\u00a0\u00bbgcid-65c14e5a-ab41-4568-b33e-d16fe6163ceb\u00a0\u00bb button_border_radius=\u00a0\u00bb50px\u00a0\u00bb button_letter_spacing=\u00a0\u00bb1px\u00a0\u00bb button_font=\u00a0\u00bbCormorant Garamond|600|||||||\u00a0\u00bb button_use_icon=\u00a0\u00bboff\u00a0\u00bb custom_padding=\u00a0\u00bb12px|35px|12px|35px|true|true\u00a0\u00bb hover_enabled=\u00a0\u00bb0&Prime; locked=\u00a0\u00bboff\u00a0\u00bb global_colors_info=\u00a0\u00bb{%22gcid-65c14e5a-ab41-4568-b33e-d16fe6163ceb%22:%91%22button_bg_color%22,%22button_border_color%22,%22button_bg_color%22,%22button_border_color%22%93,%22gcid-49c6d4b5-b2e7-410a-b3de-3f367e11e656%22:%91%22button_border_color__hover%22,%22button_border_color__hover%22%93}\u00a0\u00bb button_bg_color__hover_enabled=\u00a0\u00bbon|hover\u00a0\u00bb button_bg_color__hover=\u00a0\u00bbrgba(174,207,225,0.07)\u00a0\u00bb button_bg_enable_color__hover=\u00a0\u00bbon\u00a0\u00bb button_border_color__hover_enabled=\u00a0\u00bbon|hover\u00a0\u00bb button_border_color__hover=\u00a0\u00bbrgba(174,207,225,0.07)\u00a0\u00bb sticky_enabled=\u00a0\u00bb0&Prime;][\/et_pb_button][\/et_pb_column][\/et_pb_row][et_pb_row column_structure=\u00a0\u00bb2_3,1_3&Prime; make_equal=\u00a0\u00bbon\u00a0\u00bb _builder_version=\u00a0\u00bb4.26.0&Prime; _module_preset=\u00a0\u00bbdefault\u00a0\u00bb custom_css_main_element=\u00a0\u00bbalign-items:center;\u00a0\u00bb global_colors_info=\u00a0\u00bb{}\u00a0\u00bb][et_pb_column type=\u00a0\u00bb2_3&Prime; _builder_version=\u00a0\u00bb4.26.0&Prime; _module_preset=\u00a0\u00bbdefault\u00a0\u00bb global_colors_info=\u00a0\u00bb{}\u00a0\u00bb][et_pb_text _builder_version=\u00a0\u00bb4.26.0&Prime; _module_preset=\u00a0\u00bbdefault\u00a0\u00bb text_line_height=\u00a0\u00bb1.6em\u00a0\u00bb header_2_font=\u00a0\u00bb|700|||||||\u00a0\u00bb header_2_font_size=\u00a0\u00bb22px\u00a0\u00bb header_2_line_height=\u00a0\u00bb1.2em\u00a0\u00bb custom_margin=\u00a0\u00bb||15px||false|false\u00a0\u00bb global_colors_info=\u00a0\u00bb{}\u00a0\u00bb]<\/p>\n<h2>Origines de la naturopathie<\/h2>\n<div id=\"_rich_text-417-85\" class=\"oxy-rich-text\"><\/div>\n<p>[\/et_pb_text][et_pb_text _builder_version=\u00a0\u00bb4.26.0&Prime; _module_preset=\u00a0\u00bbdefault\u00a0\u00bb text_line_height=\u00a0\u00bb1.6em\u00a0\u00bb global_colors_info=\u00a0\u00bb{}\u00a0\u00bb]<\/p>\n<p>Les principes de la naturopathie ont \u00e9t\u00e9 utilis\u00e9s pour la premi\u00e8re fois par l&rsquo;\u00e9cole de m\u00e9decine hippocratique vers 400 av. Le philosophe grec Hippocrate croyait qu&rsquo;il fallait consid\u00e9rer la personne dans son ensemble en ce qui concerne la recherche d&rsquo;une cause de maladie et utiliser les lois de la nature pour induire la gu\u00e9rison. C&rsquo;est de cette \u00e9cole de pens\u00e9e originelle que la Naturopathie tire ses principes.<\/p>\n<ul><\/ul>\n<p>[\/et_pb_text][et_pb_text _builder_version=\u00a0\u00bb4.26.0&Prime; _module_preset=\u00a0\u00bbdefault\u00a0\u00bb text_line_height=\u00a0\u00bb1.6em\u00a0\u00bb custom_padding=\u00a0\u00bb|||15px|false|false\u00a0\u00bb global_colors_info=\u00a0\u00bb{}\u00a0\u00bb]<\/p>\n<ul>\n<li>Le pouvoir de gu\u00e9rison de la nature &#8211; la nature a la capacit\u00e9 inn\u00e9e de gu\u00e9rir<\/li>\n<li>Identifiez et traitez la cause &#8211; il y a toujours une cause sous-jacente, qu&rsquo;elle soit physique ou \u00e9motionnelle<\/li>\n<li>Ne faites pas de mal &#8211; un naturopathe n&rsquo;utilisera jamais de traitements susceptibles de cr\u00e9er d&rsquo;autres conditions<\/li>\n<li>Traiter la personne dans son ensemble &#8211; lors de la pr\u00e9paration d&rsquo;un plan de traitement, tous les aspects de l&rsquo;\u00eatre d&rsquo;une personne sont pris en consid\u00e9ration<\/li>\n<li>Le naturopathe en tant qu&rsquo;enseignant &#8211; un naturopathe permet au patient de prendre la responsabilit\u00e9 de sa propre sant\u00e9 en enseignant les soins personnels<\/li>\n<li>Mieux vaut pr\u00e9venir que gu\u00e9rir &#8211; un naturopathe peut \u00e9liminer les substances et les situations toxiques du mode de vie d&rsquo;un patient pour pr\u00e9venir l&rsquo;apparition d&rsquo;autres maladies<\/li>\n<\/ul>\n<p>[\/et_pb_text][et_pb_text _builder_version=\u00a0\u00bb4.26.0&Prime; _module_preset=\u00a0\u00bbdefault\u00a0\u00bb text_line_height=\u00a0\u00bb1.6em\u00a0\u00bb global_colors_info=\u00a0\u00bb{}\u00a0\u00bb]<\/p>\n<div id=\"div_block-409-85\" class=\"ct-div-block\">\n<div id=\"_rich_text-417-85\" class=\"oxy-rich-text\">\n<p>Tout en ne perdant jamais de vue les principes fondamentaux de la cure naturelle, le naturopathe moderne peut utiliser une multitude de comp\u00e9tences telles que les herbes, l&rsquo;hom\u00e9opathie, la manipulation, les \u00e9lixirs floraux, l&rsquo;acupuncture ou la suppl\u00e9mentation biochimique pour augmenter son travail. Celles-ci peuvent \u00eatre n\u00e9cessaires pour compenser bon nombre des suppressions provoqu\u00e9es par la vie \u00e0 notre \u00e9poque moderne avec tous ses stress concomitants qui cherchent \u00e0 \u00e9trangler la force vitale de notre corps.<\/p>\n<\/div>\n<\/div>\n<p>[\/et_pb_text][\/et_pb_column][et_pb_column type=\u00a0\u00bb1_3&Prime; _builder_version=\u00a0\u00bb4.26.0&Prime; _module_preset=\u00a0\u00bbdefault\u00a0\u00bb global_colors_info=\u00a0\u00bb{}\u00a0\u00bb][et_pb_image src=\u00a0\u00bbhttps:\/\/spanuance.com\/wp-content\/uploads\/2024\/07\/naturopathy-2.jpg\u00a0\u00bb title_text=\u00a0\u00bbnaturopathy-2&Prime; align=\u00a0\u00bbcenter\u00a0\u00bb force_fullwidth=\u00a0\u00bbon\u00a0\u00bb _builder_version=\u00a0\u00bb4.26.0&Prime; _module_preset=\u00a0\u00bbdefault\u00a0\u00bb global_colors_info=\u00a0\u00bb{}\u00a0\u00bb][\/et_pb_image][\/et_pb_column][\/et_pb_row][\/et_pb_section][et_pb_section fb_built=\u00a0\u00bb1&Prime; module_class=\u00a0\u00bbtestimonial\u00a0\u00bb _builder_version=\u00a0\u00bb4.26.0&Prime; _module_preset=\u00a0\u00bbdefault\u00a0\u00bb background_color=\u00a0\u00bbgcid-05b244bf-0f3c-4edd-bbc6-cafac86c43ac\u00a0\u00bb custom_padding=\u00a0\u00bb||||false|false\u00a0\u00bb global_colors_info=\u00a0\u00bb{%22gcid-05b244bf-0f3c-4edd-bbc6-cafac86c43ac%22:%91%22background_color%22%93}\u00a0\u00bb][et_pb_row _builder_version=\u00a0\u00bb4.26.0&Prime; _module_preset=\u00a0\u00bbdefault\u00a0\u00bb global_colors_info=\u00a0\u00bb{}\u00a0\u00bb][et_pb_column type=\u00a0\u00bb4_4&Prime; _builder_version=\u00a0\u00bb4.26.0&Prime; _module_preset=\u00a0\u00bbdefault\u00a0\u00bb global_colors_info=\u00a0\u00bb{}\u00a0\u00bb][et_pb_text _builder_version=\u00a0\u00bb4.26.0&Prime; _module_preset=\u00a0\u00bbdefault\u00a0\u00bb header_letter_spacing=\u00a0\u00bb2px\u00a0\u00bb header_line_height=\u00a0\u00bb1.2em\u00a0\u00bb header_2_font_size=\u00a0\u00bb38px\u00a0\u00bb header_2_letter_spacing=\u00a0\u00bb2px\u00a0\u00bb header_2_line_height=\u00a0\u00bb1.2em\u00a0\u00bb background_layout=\u00a0\u00bbdark\u00a0\u00bb max_width=\u00a0\u00bb320px\u00a0\u00bb header_2_font_size_tablet=\u00a0\u00bb38px\u00a0\u00bb header_2_font_size_phone=\u00a0\u00bb25px\u00a0\u00bb header_2_font_size_last_edited=\u00a0\u00bbon|phone\u00a0\u00bb custom_css_main_element=\u00a0\u00bb    transform: rotate(-90deg);||    position: absolute;||    left: -50px;||    top: 45%;\u00a0\u00bb global_colors_info=\u00a0\u00bb{}\u00a0\u00bb custom_css_main_element_last_edited=\u00a0\u00bbon|phone\u00a0\u00bb custom_css_main_element_phone=\u00a0\u00bb    transform: unset;||    position: relative;||    left: auto;||    top: auto;\u00a0\u00bb custom_css_main_element_tablet=\u00a0\u00bb    transform: rotate(-90deg);||    position: absolute;||    left: -50px;||    top: 45%;\u00a0\u00bb]<\/p>\n<h2 id=\"headline-245-60\" class=\"ct-headline\">T\u00c9MOIGNAGES<\/h2>\n<p>[\/et_pb_text][et_pb_slider show_arrows=\u00a0\u00bboff\u00a0\u00bb _builder_version=\u00a0\u00bb4.26.0&Prime; _module_preset=\u00a0\u00bbdefault\u00a0\u00bb custom_button=\u00a0\u00bbon\u00a0\u00bb button_text_size=\u00a0\u00bb17px\u00a0\u00bb button_text_color=\u00a0\u00bb#fdfdfa\u00a0\u00bb button_border_width=\u00a0\u00bb0px\u00a0\u00bb button_border_radius=\u00a0\u00bb0px\u00a0\u00bb button_use_icon=\u00a0\u00bboff\u00a0\u00bb button_custom_padding=\u00a0\u00bb|||0px|false|false\u00a0\u00bb width=\u00a0\u00bb100%\u00a0\u00bb max_width=\u00a0\u00bb100%\u00a0\u00bb content_max_width=\u00a0\u00bb100%\u00a0\u00bb custom_padding=\u00a0\u00bb8%|0px|8%||true|false\u00a0\u00bb custom_padding_tablet=\u00a0\u00bb8%|0px|8%||true|false\u00a0\u00bb custom_padding_phone=\u00a0\u00bb5%|0px|5%|0px|true|false\u00a0\u00bb custom_padding_last_edited=\u00a0\u00bbon|phone\u00a0\u00bb global_colors_info=\u00a0\u00bb{}\u00a0\u00bb][et_pb_slide heading=\u00a0\u00bbTr\u00e8s bon service!\u00a0\u00bb button_text=\u00a0\u00bb- May Baydoun\u00a0\u00bb _builder_version=\u00a0\u00bb4.26.0&Prime; _module_preset=\u00a0\u00bbdefault\u00a0\u00bb header_text_color=\u00a0\u00bb#fdfdfa\u00a0\u00bb header_font_size=\u00a0\u00bb22px\u00a0\u00bb body_text_color=\u00a0\u00bb#fdfdfa\u00a0\u00bb background_color=\u00a0\u00bbRGBA(255,255,255,0)\u00a0\u00bb background_enable_color=\u00a0\u00bbon\u00a0\u00bb text_orientation=\u00a0\u00bbleft\u00a0\u00bb global_colors_info=\u00a0\u00bb{}\u00a0\u00bb sticky_transition=\u00a0\u00bbon\u00a0\u00bb]<\/p>\n<div id=\"text_block-304-60\" class=\"ct-text-block\">Tr\u00e8s bon service. Personnel formidable. J&rsquo;ai toujours l&rsquo;impression d&rsquo;\u00eatre un million de dollars quand je sors. Merci<\/div>\n<p>[\/et_pb_slide][et_pb_slide heading=\u00a0\u00bbJe ne pourrais pas \u00eatre plus reconnaissant !\u00a0\u00bb button_text=\u00a0\u00bb- Alexandra Charland\u00a0\u00bb _builder_version=\u00a0\u00bb4.26.0&Prime; _module_preset=\u00a0\u00bbdefault\u00a0\u00bb header_text_color=\u00a0\u00bb#fdfdfa\u00a0\u00bb header_font_size=\u00a0\u00bb22px\u00a0\u00bb body_text_color=\u00a0\u00bb#fdfdfa\u00a0\u00bb background_color=\u00a0\u00bbRGBA(255,255,255,0)\u00a0\u00bb background_enable_color=\u00a0\u00bbon\u00a0\u00bb text_orientation=\u00a0\u00bbleft\u00a0\u00bb global_colors_info=\u00a0\u00bb{}\u00a0\u00bb sticky_transition=\u00a0\u00bbon\u00a0\u00bb]<\/p>\n<div id=\"text_block-269-60\" class=\"ct-text-block\">Je suis all\u00e9 pour un traitement diff\u00e9rent o\u00f9 ils m&rsquo;ont recommand\u00e9 un peeling pour mon acn\u00e9 et malgr\u00e9 mon scepticisme au d\u00e9but, ces peelings ont fait des miracles. Je ne pourrais pas \u00eatre plus reconnaissant!<\/div>\n<p>[\/et_pb_slide][et_pb_slide heading=\u00a0\u00bbPersonnel hautement qualifi\u00e9, j&rsquo;ai ador\u00e9 l&rsquo;exp\u00e9rience.\u00a0\u00bb button_text=\u00a0\u00bb- Esther Lorenzo\u00a0\u00bb _builder_version=\u00a0\u00bb4.26.0&Prime; _module_preset=\u00a0\u00bbdefault\u00a0\u00bb header_text_color=\u00a0\u00bb#fdfdfa\u00a0\u00bb header_font_size=\u00a0\u00bb22px\u00a0\u00bb body_text_color=\u00a0\u00bb#fdfdfa\u00a0\u00bb background_color=\u00a0\u00bbRGBA(255,255,255,0)\u00a0\u00bb background_enable_color=\u00a0\u00bbon\u00a0\u00bb text_orientation=\u00a0\u00bbleft\u00a0\u00bb global_colors_info=\u00a0\u00bb{}\u00a0\u00bb sticky_transition=\u00a0\u00bbon\u00a0\u00bb]<\/p>\n<div id=\"text_block-327-60\" class=\"ct-text-block\">J&rsquo;ai eu le plaisir de d\u00e9couvrir Nuance Medispa cet \u00e9t\u00e9 et j&rsquo;ai ador\u00e9 mon exp\u00e9rience. Personnel hautement qualifi\u00e9 et super sympa et tr\u00e8s arrangeant! J&rsquo;ai obtenu les r\u00e9sultats que je cherchais \u00e0 atteindre! Je les recommande vivement!<\/div>\n<p>[\/et_pb_slide][et_pb_slide heading=\u00a0\u00bbService excellent!\u00a0\u00bb button_text=\u00a0\u00bb- Tina Azarbar\u00a0\u00bb _builder_version=\u00a0\u00bb4.26.0&Prime; _module_preset=\u00a0\u00bbdefault\u00a0\u00bb header_text_color=\u00a0\u00bb#fdfdfa\u00a0\u00bb header_font_size=\u00a0\u00bb22px\u00a0\u00bb body_text_color=\u00a0\u00bb#fdfdfa\u00a0\u00bb background_color=\u00a0\u00bbRGBA(255,255,255,0)\u00a0\u00bb background_enable_color=\u00a0\u00bbon\u00a0\u00bb text_orientation=\u00a0\u00bbleft\u00a0\u00bb global_colors_info=\u00a0\u00bb{}\u00a0\u00bb sticky_transition=\u00a0\u00bbon\u00a0\u00bb]<\/p>\n<div id=\"text_block-314-60\" class=\"ct-text-block\">Service excellen! Super engins! Haut de gamme!<\/div>\n<p>[\/et_pb_slide][\/et_pb_slider][\/et_pb_column][\/et_pb_row][\/et_pb_section]<\/p>\n","protected":false},"excerpt":{"rendered":"<p>Traitements de th\u00e9rapie naturelleNATUROPATHIEUn naturopathe est un praticien de la sant\u00e9 qui applique des th\u00e9rapies naturelles. Son spectre comprend bien plus que le je\u00fbne, la nutrition, l&rsquo;eau et l&rsquo;exercice ; il comprend des pratiques de gu\u00e9rison naturelles approuv\u00e9es telles que l&rsquo;hom\u00e9opathie, l&rsquo;acupuncture et la phytoth\u00e9rapie. \u00c0 une \u00e9poque o\u00f9 la technologie moderne, la pollution de [&hellip;]<\/p>\n","protected":false},"author":5,"featured_media":0,"parent":0,"menu_order":0,"comment_status":"closed","ping_status":"closed","template":"","meta":{"_et_pb_use_builder":"on","_et_pb_old_content":"","_et_gb_content_width":"","footnotes":""},"class_list":["post-1743","page","type-page","status-publish","hentry"],"yoast_head":"<!-- This site is optimized with the Yoast SEO plugin v27.0 - https:\/\/yoast.com\/product\/yoast-seo-wordpress\/ -->\n<title>Naturopathie - Spa Nuance<\/title>\n<meta name=\"robots\" content=\"index, follow, max-snippet:-1, max-image-preview:large, max-video-preview:-1\" \/>\n<link rel=\"canonical\" href=\"https:\/\/spanuance.com\/fr\/naturopathie\/\" \/>\n<meta property=\"og:locale\" content=\"fr_FR\" \/>\n<meta property=\"og:type\" content=\"article\" \/>\n<meta property=\"og:title\" content=\"Naturopathie - Spa Nuance\" \/>\n<meta property=\"og:description\" content=\"Traitements de th\u00e9rapie naturelleNATUROPATHIEUn naturopathe est un praticien de la sant\u00e9 qui applique des th\u00e9rapies naturelles. Son spectre comprend bien plus que le je\u00fbne, la nutrition, l&#039;eau et l&#039;exercice ; il comprend des pratiques de gu\u00e9rison naturelles approuv\u00e9es telles que l&#039;hom\u00e9opathie, l&#039;acupuncture et la phytoth\u00e9rapie. \u00c0 une \u00e9poque o\u00f9 la technologie moderne, la pollution de [&hellip;]\" \/>\n<meta property=\"og:url\" content=\"https:\/\/spanuance.com\/fr\/naturopathie\/\" \/>\n<meta property=\"og:site_name\" content=\"Spa Nuance\" \/>\n<meta property=\"article:modified_time\" content=\"2025-09-05T14:49:45+00:00\" \/>\n<meta property=\"og:image\" content=\"https:\/\/spanuance.com\/wp-content\/uploads\/2024\/06\/37061563-6411-4855-8381-83e5f5de7e9d-1000.webp\" \/>\n\t<meta property=\"og:image:width\" content=\"1000\" \/>\n\t<meta property=\"og:image:height\" content=\"256\" \/>\n\t<meta property=\"og:image:type\" content=\"image\/webp\" \/>\n<meta name=\"twitter:card\" content=\"summary_large_image\" \/>\n<meta name=\"twitter:label1\" content=\"Dur\u00e9e de lecture estim\u00e9e\" \/>\n\t<meta name=\"twitter:data1\" content=\"9 minutes\" \/>\n<script type=\"application\/ld+json\" class=\"yoast-schema-graph\">{\"@context\":\"https:\/\/schema.org\",\"@graph\":[{\"@type\":\"WebPage\",\"@id\":\"https:\/\/spanuance.com\/fr\/naturopathie\/\",\"url\":\"https:\/\/spanuance.com\/fr\/naturopathie\/\",\"name\":\"Naturopathie - Spa Nuance\",\"isPartOf\":{\"@id\":\"https:\/\/spanuance.com\/fr\/#website\"},\"datePublished\":\"2024-07-11T05:07:04+00:00\",\"dateModified\":\"2025-09-05T14:49:45+00:00\",\"breadcrumb\":{\"@id\":\"https:\/\/spanuance.com\/fr\/naturopathie\/#breadcrumb\"},\"inLanguage\":\"fr-FR\",\"potentialAction\":[{\"@type\":\"ReadAction\",\"target\":[\"https:\/\/spanuance.com\/fr\/naturopathie\/\"]}]},{\"@type\":\"BreadcrumbList\",\"@id\":\"https:\/\/spanuance.com\/fr\/naturopathie\/#breadcrumb\",\"itemListElement\":[{\"@type\":\"ListItem\",\"position\":1,\"name\":\"Home\",\"item\":\"https:\/\/spanuance.com\/\"},{\"@type\":\"ListItem\",\"position\":2,\"name\":\"Naturopathie\"}]},{\"@type\":\"WebSite\",\"@id\":\"https:\/\/spanuance.com\/fr\/#website\",\"url\":\"https:\/\/spanuance.com\/fr\/\",\"name\":\"Spa Nuance\",\"description\":\"MediSpa Montreal West Island\",\"potentialAction\":[{\"@type\":\"SearchAction\",\"target\":{\"@type\":\"EntryPoint\",\"urlTemplate\":\"https:\/\/spanuance.com\/fr\/?s={search_term_string}\"},\"query-input\":{\"@type\":\"PropertyValueSpecification\",\"valueRequired\":true,\"valueName\":\"search_term_string\"}}],\"inLanguage\":\"fr-FR\"}]}<\/script>\n<!-- \/ Yoast SEO plugin. -->","yoast_head_json":{"title":"Naturopathie - Spa Nuance","robots":{"index":"index","follow":"follow","max-snippet":"max-snippet:-1","max-image-preview":"max-image-preview:large","max-video-preview":"max-video-preview:-1"},"canonical":"https:\/\/spanuance.com\/fr\/naturopathie\/","og_locale":"fr_FR","og_type":"article","og_title":"Naturopathie - Spa Nuance","og_description":"Traitements de th\u00e9rapie naturelleNATUROPATHIEUn naturopathe est un praticien de la sant\u00e9 qui applique des th\u00e9rapies naturelles. Son spectre comprend bien plus que le je\u00fbne, la nutrition, l'eau et l'exercice ; il comprend des pratiques de gu\u00e9rison naturelles approuv\u00e9es telles que l'hom\u00e9opathie, l'acupuncture et la phytoth\u00e9rapie. \u00c0 une \u00e9poque o\u00f9 la technologie moderne, la pollution de [&hellip;]","og_url":"https:\/\/spanuance.com\/fr\/naturopathie\/","og_site_name":"Spa Nuance","article_modified_time":"2025-09-05T14:49:45+00:00","og_image":[{"width":1000,"height":256,"url":"https:\/\/spanuance.com\/wp-content\/uploads\/2024\/06\/37061563-6411-4855-8381-83e5f5de7e9d-1000.webp","type":"image\/webp"}],"twitter_card":"summary_large_image","twitter_misc":{"Dur\u00e9e de lecture estim\u00e9e":"9 minutes"},"schema":{"@context":"https:\/\/schema.org","@graph":[{"@type":"WebPage","@id":"https:\/\/spanuance.com\/fr\/naturopathie\/","url":"https:\/\/spanuance.com\/fr\/naturopathie\/","name":"Naturopathie - Spa Nuance","isPartOf":{"@id":"https:\/\/spanuance.com\/fr\/#website"},"datePublished":"2024-07-11T05:07:04+00:00","dateModified":"2025-09-05T14:49:45+00:00","breadcrumb":{"@id":"https:\/\/spanuance.com\/fr\/naturopathie\/#breadcrumb"},"inLanguage":"fr-FR","potentialAction":[{"@type":"ReadAction","target":["https:\/\/spanuance.com\/fr\/naturopathie\/"]}]},{"@type":"BreadcrumbList","@id":"https:\/\/spanuance.com\/fr\/naturopathie\/#breadcrumb","itemListElement":[{"@type":"ListItem","position":1,"name":"Home","item":"https:\/\/spanuance.com\/"},{"@type":"ListItem","position":2,"name":"Naturopathie"}]},{"@type":"WebSite","@id":"https:\/\/spanuance.com\/fr\/#website","url":"https:\/\/spanuance.com\/fr\/","name":"Spa Nuance","description":"MediSpa Montreal West Island","potentialAction":[{"@type":"SearchAction","target":{"@type":"EntryPoint","urlTemplate":"https:\/\/spanuance.com\/fr\/?s={search_term_string}"},"query-input":{"@type":"PropertyValueSpecification","valueRequired":true,"valueName":"search_term_string"}}],"inLanguage":"fr-FR"}]}},"_links":{"self":[{"href":"https:\/\/spanuance.com\/fr\/wp-json\/wp\/v2\/pages\/1743","targetHints":{"allow":["GET"]}}],"collection":[{"href":"https:\/\/spanuance.com\/fr\/wp-json\/wp\/v2\/pages"}],"about":[{"href":"https:\/\/spanuance.com\/fr\/wp-json\/wp\/v2\/types\/page"}],"author":[{"embeddable":true,"href":"https:\/\/spanuance.com\/fr\/wp-json\/wp\/v2\/users\/5"}],"replies":[{"embeddable":true,"href":"https:\/\/spanuance.com\/fr\/wp-json\/wp\/v2\/comments?post=1743"}],"version-history":[{"count":0,"href":"https:\/\/spanuance.com\/fr\/wp-json\/wp\/v2\/pages\/1743\/revisions"}],"wp:attachment":[{"href":"https:\/\/spanuance.com\/fr\/wp-json\/wp\/v2\/media?parent=1743"}],"curies":[{"name":"wp","href":"https:\/\/api.w.org\/{rel}","templated":true}]}}